{"id":139,"date":"2025-03-03T15:27:19","date_gmt":"2025-03-03T15:27:19","guid":{"rendered":"https:\/\/rkadras.lt\/fotomokykla\/?page_id=139"},"modified":"2025-03-03T15:29:32","modified_gmt":"2025-03-03T15:29:32","slug":"bendros-salygos","status":"publish","type":"page","link":"https:\/\/rkadras.lt\/fotomokykla\/bendros-salygos\/","title":{"rendered":"Bendros s\u0105lygos"},"content":{"rendered":"<div id=\"content\" class=\"site-content\">\n<div class=\"ast-container\">\n<div id=\"primary\" class=\"content-area primary\"><main id=\"main\" class=\"site-main\"><\/p>\n<article id=\"post-1432\" class=\"post-1432 page type-page status-publish ast-article-single\">\n<header class=\"entry-header ast-no-thumbnail ast-no-meta\">\n<h1 class=\"entry-title\">Bendros s\u0105lygos<\/h1>\n<\/header>\n<div class=\"entry-content clear\">\n<p>Apsilankydami \u0161ioje foto paslaug\u0173 parduotuv\u0117s tinklalapyje, J\u016bs sutinkate su \u017eemiau pateiktomis taisykl\u0117mis. Apsilank\u0119 foto preki\u0173 parduotuv\u0117je arba pasilik\u0119 tinklalapyje, J\u016bs sutinkate ir pripa\u017e\u012fstate, kad darote tai pagal \u0161ias taisykles. \u201crKadras\u201d gali keisti \u0161ias naudojimo taisykles be i\u0161ankstinio persp\u0117jimo. Foto preki\u0173 parduotuv\u0117s vartotojas naudoja \u201crKadras\u201d informacini\u0173 technologij\u0173 sistem\u0105 foto preki\u0173 u\u017esakymui i\u0161 \u012fvairi\u0173 paslaug\u0173 tiek\u0117j\u0173.<\/p>\n<p>Foto preki\u0173 parduotuv\u0117s vartotoju gali b\u016bti bet kuris fizinis arba juridinis asmuo (toliau tekste \u2013 Vartotojas), u\u017esiregistrav\u0119s \u201crKadras\u201d sistemoje. \u201crKadras\u201d pasilieka sau teis\u0119 atsisakyti registruoti arba at\u0161aukti vartotojo prieig\u0105 prie sistemos, jei jis nesilaiko naudojimosi taisykli\u0173.<\/p>\n<p>\u201d rKadras \u201d \u2013 tai foto preki\u0173 pardavimo tarp vartotojo ir paslaug\u0173 teik\u0117jo u\u017etikrinimo funkcija.<\/p>\n<p>\u201d rKadras \u201d garantuoja patalpint\u0173 foto nuotrauk\u0173 ir kit\u0173 foto preki\u0173 konfidencialum\u0105 ir draud\u017eia prieig\u0105 prie j\u0173 neregistruotiems tretiesiems asmenims (foto studijoms, reklamos agent\u016broms, Internetin\u0117ms parduotuv\u0117ms ir t.t.). Foto nuotraukos saugomos apsaugotuose serveriuose ir prieinamos tik konkretiems vartotojams, turintiems prieigos kod\u0105. Gauti prieig\u0105 prie vartotojo profilio ir prie foto preki\u0173 parduotuv\u0117s galima unikalaus vartotojo vardo ir slapta\u017eod\u017eio pagalba, kurie suteikiami kiekvienam vartotojui tiesiogiai arba su tarpininko pagalba. \u201d rKadras \u201d savo nuo\u017ei\u016bra ir tik b\u016btinu atveju gali i\u0161si\u0173sti vartotojui jo unikal\u0173 vartotojo vard\u0105 ir slapta\u017eod\u012f.<\/p>\n<p>Vartotojas turi galimyb\u0119 nusi\u0173sti prieigos prie savo profilio duomenis bet kuriam tre\u010diajam asmeniui, pasinaudodamas specialiais \u201d rKadras \u201d \u012frankiais.<\/p>\n<p>Kiekvienas \u201d rKadras \u201d tinklalapio vartotojas visa apimtimi atsako u\u017e bet koki\u0105 informacij\u0105, kuri\u0105 jis siun\u010dia kitiems Interneto vartotojams \u2013 u\u017e rinkmenas, fotografijas, tekstus ir t.t., bei prisiima visi\u0161k\u0105 atsakomyb\u0119 u\u017e pasekmes (i\u0161 j\u0173 ir teisines), kurios gali i\u0161kilti siun\u010diant toki\u0105 informacij\u0105.<\/p>\n<p>Vartotojas atsako u\u017e saug\u0173 prieigos duomen\u0173 laikym\u0105. Vartotojui draud\u017eiama si\u0173sti prieigos duomenis bet kokiam tre\u010diajam asmeniui, kuris gali panaudoti patalpint\u0173 preki\u0173 fotografijas komerciniais tikslais ir kokiose nors publikacijose be ra\u0161ti\u0161ko vartotojo sutikimo.<\/p>\n<p>Vartotojas sutinka gauti trumpus informacinius prane\u0161imus, bei fotosesijos prisijungimo kodo ir slapta\u017eod\u017eio priminim\u0105, \u012f nurodyt\u0105 telefono numer\u012f.<\/p>\n<p>Bet kokiu atveju \u201d rKadras \u201d neatsako u\u017e vartotoj\u0173 vieno kitam siun\u010diam\u0105 informacij\u0105 ir u\u017e pasekmes (tarp j\u0173 ir teisines), i\u0161kilusias d\u0117l tokios informacijos siuntimo. Be to, \u201d rKadras \u201d neatsako u\u017e prieig\u0105 prie tinklalapio, u\u017e vartotoj\u0173 tarpusavio bendravim\u0105, bet kokius techninius trukd\u017eius tinklalapio darbe, u\u017e duomen\u0173 pakeitim\u0105 vartotojo profilyje d\u0117l kito, neu\u017eregistruoto asmens prieigos. Visa tinklalapio veikla (i\u0161 jos ir jame prieinamos paslaugos) si\u016blomos tokios, kokios yra (\u201eas=is\u201d), be joki\u0173 papildom\u0173 garantij\u0173 i\u0161 \u201d rKadras \u201d pus\u0117s. Ir dar, \u201d rKadras \u201d jokiu b\u016bdu neatsako u\u017e bet kokius nuostolius, kurie i\u0161kilo tinklalapio vartotojui d\u0117l tinklalapio ir jo teikiam\u0173 paslaug\u0173 naudojimo.<\/p>\n<p>\u201d rKadras \u201d turi teis\u0119 savo nuo\u017ei\u016bra ir be i\u0161ankstinio persp\u0117jimo, i\u0161trinti u\u017eregistruot\u0173 vartotoj\u0173 profilius ir rinkmenas, bei apriboti arba u\u017edrausti prieig\u0105 prie tinklalapio, \u201d rKadras \u201d u\u017e tai neatsakant.<\/p>\n<p>Bendravimui su pirk\u0117ju pardav\u0117jas turi teis\u0119 naudotis \u012fvairiais komunikacijos kanalais, \u012fskaitant telefon\u0105, katalogus, reklam\u0105 tiesioginiu pa\u0161tu, elektronin\u012f pa\u0161t\u0105, SMS \u017einutes ir kt.<\/p>\n<p>\u0160ios taisykl\u0117s parengtos pagal Europos S\u0105jungos teis\u0117s aktus ir i\u0161kilus gin\u010dams \u0161alys tokius gin\u010dus sprend\u017eia tarpusavio deryb\u0173 keliu, o jei susitarti nepavyko, Europos S\u0105jungos teis\u0117s akt\u0173 nustatyta tvarka.<\/p>\n<\/div>\n<\/article>\n<p><\/main><\/div>\n<\/div>\n<\/div>\n","protected":false},"excerpt":{"rendered":"<p>Bendros s\u0105lygos Apsilankydami \u0161ioje foto paslaug\u0173 parduotuv\u0117s tinklalapyje, J\u016bs sutinkate su \u017eemiau pateiktomis taisykl\u0117mis. Apsilank\u0119 foto preki\u0173 parduotuv\u0117je arba pasilik\u0119 tinklalapyje, J\u016bs sutinkate ir pripa\u017e\u012fstate, kad darote tai pagal \u0161ias taisykles. \u201crKadras\u201d gali keisti \u0161ias naudojimo taisykles be i\u0161ankstinio persp\u0117jimo. Foto preki\u0173 parduotuv\u0117s vartotojas naudoja \u201crKadras\u201d informacini\u0173 technologij\u0173 sistem\u0105 foto preki\u0173 u\u017esakymui i\u0161 \u012fvairi\u0173 paslaug\u0173 [&hellip;]<\/p>\n","protected":false},"author":3,"featured_media":0,"parent":0,"menu_order":0,"comment_status":"closed","ping_status":"closed","template":"","meta":{"footnotes":""},"class_list":["post-139","page","type-page","status-publish","hentry","entry","owp-thumbs-layout-horizontal","owp-btn-normal","owp-tabs-layout-horizontal","has-no-thumbnails","has-product-nav"],"jetpack_sharing_enabled":true,"_links":{"self":[{"href":"https:\/\/rkadras.lt\/fotomokykla\/wp-json\/wp\/v2\/pages\/139","targetHints":{"allow":["GET"]}}],"collection":[{"href":"https:\/\/rkadras.lt\/fotomokykla\/wp-json\/wp\/v2\/pages"}],"about":[{"href":"https:\/\/rkadras.lt\/fotomokykla\/wp-json\/wp\/v2\/types\/page"}],"author":[{"embeddable":true,"href":"https:\/\/rkadras.lt\/fotomokykla\/wp-json\/wp\/v2\/users\/3"}],"replies":[{"embeddable":true,"href":"https:\/\/rkadras.lt\/fotomokykla\/wp-json\/wp\/v2\/comments?post=139"}],"version-history":[{"count":2,"href":"https:\/\/rkadras.lt\/fotomokykla\/wp-json\/wp\/v2\/pages\/139\/revisions"}],"predecessor-version":[{"id":152,"href":"https:\/\/rkadras.lt\/fotomokykla\/wp-json\/wp\/v2\/pages\/139\/revisions\/152"}],"wp:attachment":[{"href":"https:\/\/rkadras.lt\/fotomokykla\/wp-json\/wp\/v2\/media?parent=139"}],"curies":[{"name":"wp","href":"https:\/\/api.w.org\/{rel}","templated":true}]}}