{"id":142,"date":"2025-03-03T15:27:57","date_gmt":"2025-03-03T15:27:57","guid":{"rendered":"https:\/\/rkadras.lt\/fotomokykla\/?page_id=142"},"modified":"2025-03-03T15:30:08","modified_gmt":"2025-03-03T15:30:08","slug":"pirkimo-pardavimo-salygos","status":"publish","type":"page","link":"https:\/\/rkadras.lt\/fotomokykla\/pirkimo-pardavimo-salygos\/","title":{"rendered":"Pirkimo \/ pardavimo s\u0105lygos"},"content":{"rendered":"<header class=\"entry-header ast-no-thumbnail ast-no-meta\">\n<h1 class=\"entry-title\">Pirkimo \/ pardavimo taisykl\u0117s<\/h1>\n<\/header>\n<div class=\"entry-content clear\">\n<p>Pirkiniai \u201d rKadras \u201d foto preki\u0173 parduotuv\u0117je numatyti Europos S\u0105jungos 2014 m. bir\u017eelio 13 d. taisykli\u0173 \u201eNuotolin\u0117s sutarties taisykl\u0117s\u201c.<\/p>\n<p>Vartotojas turi teis\u0119 per 14 dien\u0173 nuo prek\u0117s atsi\u0117mimo nustatytame pristatymo punkte dienos (mokymo \u012fstaiga, pa\u0161tomatas, pa\u0161to skyrius) gr\u0105\u017einti \u201d rKadras \u201d foto preki\u0173 parduotuv\u0117je \u012fsigyt\u0105 prek\u0119, jei prek\u0117 neatitinka u\u017esakymo ar yra sugadinta. Tokiu atveju sugadinta prek\u0117 pakei\u010diama nauj\u0105ja arba visa apimtimi gr\u0105\u017einami sumok\u0117ti pinigai.<\/p>\n<p>Pinigai gr\u0105\u017einami per 30 dien\u0173 nuo gr\u0105\u017einamos prek\u0117s gavimo dienos. Vartotojas turi teis\u0119 gr\u0105\u017einti prek\u0119, jei ji nebuvo naudota, n\u0117ra subrai\u017eyta ir sugadinta. U\u017e skaitmenines prekes pinigai negr\u0105\u017einami.<\/p>\n<p>Preki\u0173 kainos internetin\u0117je parduotuv\u0117je ir (arba) u\u017esakyme \u2013 nurodytos su prid\u0117tin\u0117s vert\u0117s mokes\u010diu.<\/p>\n<p>Prek\u0117s Pirk\u0117jui parduodamos u\u017e galiojan\u010di\u0105 kain\u0105 u\u017esakymo pateikimo internetin\u0117je parduotuv\u0117je metu. Preki\u0173 kaina ir u\u017e prekes mokama suma parodoma Pirk\u0117jui, kai sukuriamas pirkini\u0173 krep\u0161elis. Jei Pirk\u0117jas nesutinka su nurodyta kaina, jis u\u017esakymo pateikti negali.<\/p>\n<p>Prek\u0117s kain\u0105 svetain\u0117je pardav\u0117jas gali keisti viena\u0161ali\u0161kai. Tokiu atveju pirk\u0117jo u\u017esakytos ir apmok\u0117tos prek\u0117s kaina\u00a0nekei\u010diama<\/p>\n<p>\u012e Preki\u0173 ir u\u017esakom\u0173 paslaug\u0173 kain\u0105, Preki\u0173 pristatymo mokestis ne\u012fskai\u010diuojamas. Jei nenurodyta kitaip, u\u017e preki\u0173 pristatym\u0105 ir kitas paslaugas Pirk\u0117jas sumoka atskirai.<\/p>\n<p>Prek\u0117s internetin\u0117je parduotuv\u0117je gali b\u016bti perkamos tik i\u0161 anksto sumok\u0117jus. Perkant prekes interneto parduotuv\u0117je atsiskaityti galima, internetin\u0117je parduotuv\u0117je nurodytais mok\u0117jimo b\u016bdais. I\u0161 karto po apmok\u0117jimo gavimo u\u017esakymas automati\u0161kai apdorojamas. I\u0161saugojus ir apmok\u0117jus u\u017esakym\u0105, u\u017esakyme esan\u010di\u0173 preki\u0173 keisti negalima. Pirk\u0117jas negal\u0117s prid\u0117ti, pa\u0161alinti preki\u0173, ar atlikti kit\u0173 u\u017esakymo pakeitim\u0173.<\/p>\n<p>Galimi preki\u0173 pristatymo b\u016bdai nurodomi tada, kai Pirk\u0117jas sukuria preki\u0173 krep\u0161el\u012f ir suveda pristatymo adres\u0105. Prekes pardav\u0117jas siun\u010dia per kurjeri\u0173 tarnybas.<\/p>\n<p>Preki\u0173 pristatymas yra mokama paslauga.<\/p>\n<p>Jei Pirk\u0117jas pasirenka Preki\u0173 pristatymo paslaug\u0105, pristatymo kaina nurodoma u\u017esakymo proceso pabaigoje, prie\u0161 pasirenkant mok\u0117jimo b\u016bd\u0105 ir (arba) atliekant mok\u0117jim\u0105. U\u017e pristatymo paslaug\u0105 mokama i\u0161 anksto, kartu atliekant mok\u0117jim\u0105 u\u017e pirkin\u012f.<\/p>\n<p>Pardav\u0117jas neatsako u\u017e preki\u0173 pristatymo s\u0105lyg\u0173 pa\u017eeidimus, jei prek\u0117s nebuvo pristatytos pirk\u0117jui arba jos buvo pristatytos pav\u0117luotai d\u0117l pirk\u0117jo kalt\u0117s arba d\u0117l aplinkybi\u0173, kuri\u0173 pirk\u0117jas gal\u0117jo i\u0161vengti.<\/p>\n<p>Parduotuv\u0117je eksponuojam\u0173 preki\u0173 spalva, forma ir kiti parametrai gali skirtis nuo tikrosios Preki\u0173 spalvos, formos ir dyd\u017eio \u2013 tai yra susij\u0119 su Pirk\u0117jo naudojamais elektroniniais prietaisais ar d\u0117l kit\u0173 technini\u0173 prie\u017eas\u010di\u0173; Taip pat reikia atsi\u017evelgti ir \u012f galimus i\u0161vaizdos skirtumus.<\/p>\n<p>Nuotraukos pateikiamos su preke yra pavyzdys ir gali skirtis nuo galutin\u0117s prek\u0117s i\u0161vaizdos. Apra\u0161ymai\/charakteristikos pateikiami prie prek\u0117s n\u0117ra visapusi\u0161kai informatyv\u016bs ir gali tur\u0117ti spausdinimo klaid\u0173.<\/p>\n<p>Pirk\u0117jas yra atsakingas u\u017e tinkam\u0105 preki\u0173 supakavim\u0105, kai jos gr\u0105\u017einamos. Pirk\u0117jas padengia tiesiogines preki\u0173 gr\u0105\u017einimo i\u0161laidas, nebent Pardav\u0117jas, gauna prane\u0161im\u0105 apie pirkimo \u2013 pardavimo sutarties nutraukim\u0105, kuriame nurodomos kitos preki\u0173 gr\u0105\u017einimo s\u0105lygos.<\/p>\n<p>Pinigai u\u017e gr\u0105\u017eintas prekes Pirk\u0117jui bus gr\u0105\u017einti, kai prek\u0117s bus gr\u0105\u017eintos Pardav\u0117jui. Pinigai bus gr\u0105\u017einti banko pavedimu \u012f t\u0105 pa\u010di\u0105 banko s\u0105skait\u0105, i\u0161 kurios buvo atliktas mok\u0117jimas u\u017e prekes. Jei u\u017e pirkin\u012f buvo atsiskaitoma mok\u0117jimo kortele, pinigai bus gr\u0105\u017einti \u012f Pirk\u0117jo mok\u0117jimo kortel\u0119. Siuntimo mokestis negr\u0105\u017einamas<\/p>\n<p>Pardav\u0117jas neatsako u\u017e pinig\u0173 gr\u0105\u017einimo s\u0105lyg\u0173 pa\u017eeidim\u0105, jeigu tai \u012fvyksta d\u0117l Pirk\u0117jo kalt\u0117s: pav\u0117luotas preki\u0173 gr\u0105\u017einimas, netiksl\u016bs duomenys ir pan.)<\/p>\n<p>Pardav\u0117jas neatlygina papildom\u0173 i\u0161laid\u0173, kurias Pirk\u0117jas gal\u0117jo patirti pasirinkdamas preki\u0173 pristatymo b\u016bd\u0105.<\/p>\n<p>Lietuvos Respublikos Vyriausyb\u0117s nutarimu \u201eNuotolin\u0117s prekybos sutar\u010di\u0173 taisykl\u0117s\u201c. Teis\u0117 gr\u0105\u017einti prekes netaikoma ai\u0161kiai suasmenintoms prek\u0117ms.<\/p>\n<p>Pardav\u0117jas internetin\u0117je parduotuv\u0117je savo iniciatyva gali organizuoti \u012fvairias akcijas arba suteikti nuolaidas. Internetin\u0117je parduotuv\u0117je suteikiamos nuolaidos ir akcijos nesumuojamos.<\/p>\n<p>Pardav\u0117jas turi teis\u0119 reikalauti, kad Pirk\u0117jas pateikt\u0173 reikalingus patvirtinamuosius dokumentus ar kit\u0105 b\u016btin\u0105 informacij\u0105, kad gaut\u0173 nuolaid\u0105.<\/p>\n<p>Tuo atveju kai, perkamoms prek\u0117ms, kurioms Pardav\u0117jas suteik\u0117 nuolaid\u0105 arba kurios yra papildytos dovana, o v\u0117liau jas gr\u0105\u017eina pasinaudodamas gr\u0105\u017einimo teise, Pirk\u0117jui gr\u0105\u017einama tik ta suma, kuri\u0105 sumok\u0117jo u\u017e Prekes.<\/p>\n<p>Pardav\u0117jas turi teis\u0119 viena\u0161ali\u0161kai, be atskiro \u012fsp\u0117jimo, pakeisti speciali\u0173 pasi\u016blym\u0173 ar nuolaid\u0173 s\u0105lygas arba jas at\u0161aukti.<\/p>\n<p>Pardav\u0117jas visus prane\u0161imus ir kit\u0105 informacij\u0105 Pirk\u0117jui siun\u010dia Pirk\u0117jo nurodytu el. Pa\u0161to adresu.<\/p>\n<p>Pardav\u0117jas neatsako u\u017e interneto ry\u0161io sutrikimus ar tinkl\u0173 ar el. Pa\u0161to svetaini\u0173 sutrikimus, d\u0117l kuri\u0173 Pirk\u0117jas negavo Pardav\u0117jo prane\u0161im\u0173.<\/p>\n<p>Pirk\u0117jo u\u017esakymo pateikimas yra bes\u0105lygi\u0161kas pirk\u0117jo sutikimas su \u0161ios sutarties s\u0105lygomis. Pardav\u0117jas turi teis\u0119 atsisakyti sudaryti sutart\u012f ir priimti u\u017esakym\u0105 be jokios nurodytos prie\u017easties.<\/p>\n<p>Pra\u0161ym\u0105\/skund\u0105 d\u0117l i\u0161 \u012fmon\u0117s \u012fsigytos prek\u0117s ar paslaugos galite pateikti Valstybinei vartotoj\u0173 teisi\u0173 apsaugos tarnybai (Vilniaus g. 25, 01402 Vilnius, el. p. tarnyba@vvtat.lt, tel. 8 5 262 67 51, interneto svetain\u0117je www.vvtat.lt (taip pat Valstybin\u0117s vartotoj\u0173 teisi\u0173 apsaugos tarnybos teritoriniams padaliniams regionuose) \u2013 ar u\u017epildyti pra\u0161ymo form\u0105 EGS platformoje http:\/\/ec.europa.eu\/odr\/ ar Vartotoj\u0173 teisi\u0173 informacin\u0117je sistemoje (VTIS)<\/p>\n<\/div>\n","protected":false},"excerpt":{"rendered":"<p>Pirkimo \/ pardavimo taisykl\u0117s Pirkiniai \u201d rKadras \u201d foto preki\u0173 parduotuv\u0117je numatyti Europos S\u0105jungos 2014 m. bir\u017eelio 13 d. taisykli\u0173 \u201eNuotolin\u0117s sutarties taisykl\u0117s\u201c. Vartotojas turi teis\u0119 per 14 dien\u0173 nuo prek\u0117s atsi\u0117mimo nustatytame pristatymo punkte dienos (mokymo \u012fstaiga, pa\u0161tomatas, pa\u0161to skyrius) gr\u0105\u017einti \u201d rKadras \u201d foto preki\u0173 parduotuv\u0117je \u012fsigyt\u0105 prek\u0119, jei prek\u0117 neatitinka u\u017esakymo ar [&hellip;]<\/p>\n","protected":false},"author":3,"featured_media":0,"parent":0,"menu_order":0,"comment_status":"closed","ping_status":"closed","template":"","meta":{"footnotes":""},"class_list":["post-142","page","type-page","status-publish","hentry","entry","owp-thumbs-layout-horizontal","owp-btn-normal","owp-tabs-layout-horizontal","has-no-thumbnails","has-product-nav"],"jetpack_sharing_enabled":true,"_links":{"self":[{"href":"https:\/\/rkadras.lt\/fotomokykla\/wp-json\/wp\/v2\/pages\/142","targetHints":{"allow":["GET"]}}],"collection":[{"href":"https:\/\/rkadras.lt\/fotomokykla\/wp-json\/wp\/v2\/pages"}],"about":[{"href":"https:\/\/rkadras.lt\/fotomokykla\/wp-json\/wp\/v2\/types\/page"}],"author":[{"embeddable":true,"href":"https:\/\/rkadras.lt\/fotomokykla\/wp-json\/wp\/v2\/users\/3"}],"replies":[{"embeddable":true,"href":"https:\/\/rkadras.lt\/fotomokykla\/wp-json\/wp\/v2\/comments?post=142"}],"version-history":[{"count":2,"href":"https:\/\/rkadras.lt\/fotomokykla\/wp-json\/wp\/v2\/pages\/142\/revisions"}],"predecessor-version":[{"id":153,"href":"https:\/\/rkadras.lt\/fotomokykla\/wp-json\/wp\/v2\/pages\/142\/revisions\/153"}],"wp:attachment":[{"href":"https:\/\/rkadras.lt\/fotomokykla\/wp-json\/wp\/v2\/media?parent=142"}],"curies":[{"name":"wp","href":"https:\/\/api.w.org\/{rel}","templated":true}]}}