{"id":148,"date":"2025-03-03T15:28:41","date_gmt":"2025-03-03T15:28:41","guid":{"rendered":"https:\/\/rkadras.lt\/fotomokykla\/?page_id=148"},"modified":"2025-03-03T15:29:09","modified_gmt":"2025-03-03T15:29:09","slug":"grazinimo-salygos","status":"publish","type":"page","link":"https:\/\/rkadras.lt\/fotomokykla\/grazinimo-salygos\/","title":{"rendered":"Gr\u0105\u017einimo s\u0105lygos"},"content":{"rendered":"<header class=\"entry-header ast-no-thumbnail ast-no-meta\">\n<h1 class=\"entry-title\">Gr\u0105\u017einimo s\u0105lygos<\/h1>\n<\/header>\n<div class=\"entry-content clear\">\n<ul class=\"wp-block-list\">\n<li>Prekes galite gr\u0105\u017einti arba pakeisti per 14 kalendorini\u0173 dien\u0173 nuo prek\u0117s \u012fsigijimo dienos.<\/li>\n<li>Gr\u0105\u017einant prek\u0119 b\u016btina pateikti pirkimo \u010dek\u012f.<\/li>\n<li>Prek\u0117s gr\u0105\u017einimo ka\u0161tus padengia pirk\u0117jas<\/li>\n<\/ul>\n<\/div>\n","protected":false},"excerpt":{"rendered":"<p>Gr\u0105\u017einimo s\u0105lygos Prekes galite gr\u0105\u017einti arba pakeisti per 14 kalendorini\u0173 dien\u0173 nuo prek\u0117s \u012fsigijimo dienos. Gr\u0105\u017einant prek\u0119 b\u016btina pateikti pirkimo \u010dek\u012f. Prek\u0117s gr\u0105\u017einimo ka\u0161tus padengia pirk\u0117jas<\/p>\n","protected":false},"author":3,"featured_media":0,"parent":0,"menu_order":0,"comment_status":"closed","ping_status":"closed","template":"","meta":{"footnotes":""},"class_list":["post-148","page","type-page","status-publish","hentry","entry","owp-thumbs-layout-horizontal","owp-btn-normal","owp-tabs-layout-horizontal","has-no-thumbnails","has-product-nav"],"jetpack_sharing_enabled":true,"_links":{"self":[{"href":"https:\/\/rkadras.lt\/fotomokykla\/wp-json\/wp\/v2\/pages\/148","targetHints":{"allow":["GET"]}}],"collection":[{"href":"https:\/\/rkadras.lt\/fotomokykla\/wp-json\/wp\/v2\/pages"}],"about":[{"href":"https:\/\/rkadras.lt\/fotomokykla\/wp-json\/wp\/v2\/types\/page"}],"author":[{"embeddable":true,"href":"https:\/\/rkadras.lt\/fotomokykla\/wp-json\/wp\/v2\/users\/3"}],"replies":[{"embeddable":true,"href":"https:\/\/rkadras.lt\/fotomokykla\/wp-json\/wp\/v2\/comments?post=148"}],"version-history":[{"count":2,"href":"https:\/\/rkadras.lt\/fotomokykla\/wp-json\/wp\/v2\/pages\/148\/revisions"}],"predecessor-version":[{"id":151,"href":"https:\/\/rkadras.lt\/fotomokykla\/wp-json\/wp\/v2\/pages\/148\/revisions\/151"}],"wp:attachment":[{"href":"https:\/\/rkadras.lt\/fotomokykla\/wp-json\/wp\/v2\/media?parent=148"}],"curies":[{"name":"wp","href":"https:\/\/api.w.org\/{rel}","templated":true}]}}