{"id":3,"date":"2025-01-28T17:52:16","date_gmt":"2025-01-28T17:52:16","guid":{"rendered":"http:\/\/rkadras.lt\/fotomokykla\/?page_id=3"},"modified":"2025-03-14T14:29:10","modified_gmt":"2025-03-14T14:29:10","slug":"privatumo-politika","status":"publish","type":"page","link":"https:\/\/rkadras.lt\/fotomokykla\/privatumo-politika\/","title":{"rendered":"Privatumo politika"},"content":{"rendered":"<h3 data-start=\"0\" data-end=\"17\">Kas mes esame<\/h3>\n<p data-start=\"19\" data-end=\"128\">M\u016bs\u0173 svetain\u0117s adresas yra: <a href=\"http:\/\/rkadras.lt\/fotomokykla\" target=\"_new\" rel=\"noopener\" data-start=\"65\" data-end=\"127\">http:\/\/rkadras.lt\/fotomokykla<\/a>.<\/p>\n<h3 data-start=\"130\" data-end=\"144\">Komentarai<\/h3>\n<p data-start=\"146\" data-end=\"355\">Kai lankytojai palieka komentarus svetain\u0117je, mes renkame duomenis, rodomus komentar\u0173 formoje, taip pat lankytojo IP adres\u0105 ir nar\u0161ykl\u0117s naudotojo agento eilut\u0119, kad pad\u0117tume aptikti \u0161lam\u0161t\u0105.<\/p>\n<p data-start=\"357\" data-end=\"723\">Anonimizuota eilut\u0117, sukurta i\u0161 j\u016bs\u0173 el. pa\u0161to adreso (dar vadinama \u201ehash\u201c), gali b\u016bti pateikta \u201eGravatar\u201c paslaugai, kad patikrintume, ar j\u0105 naudojate. \u201eGravatar\u201c paslaugos privatumo politika prieinama \u010dia: <a href=\"https:\/\/automattic.com\/privacy\/\" target=\"_new\" rel=\"noopener\" data-start=\"565\" data-end=\"631\">https:\/\/automattic.com\/privacy\/<\/a>. Patvirtinus j\u016bs\u0173 komentar\u0105, j\u016bs\u0173 profilio nuotrauka bus vie\u0161ai matoma komentaro kontekste.<\/p>\n<h3 data-start=\"725\" data-end=\"735\">Medija<\/h3>\n<p data-start=\"737\" data-end=\"943\">Jei \u012fkeliate nuotraukas \u012f svetain\u0119, venkite nuotrauk\u0173 su \u012fterptais vietos duomenimis (EXIF GPS). Svetain\u0117s lankytojai gali atsisi\u0173sti ir i\u0161gauti bet kokius vietos duomenis i\u0161 paveiksl\u0117li\u0173.<\/p>\n<h3 data-start=\"945\" data-end=\"957\">Slapukai<\/h3>\n<p data-start=\"959\" data-end=\"1237\">Jei paliksite komentar\u0105 m\u016bs\u0173 svetain\u0117je, galite pasirinkti i\u0161saugoti savo vard\u0105, el. pa\u0161to adres\u0105 ir svetain\u0119 slapukuose. Tai daroma j\u016bs\u0173 patogumui, kad kit\u0105 kart\u0105 palikdami komentar\u0105 nereik\u0117t\u0173 i\u0161 naujo pildyti \u0161i\u0173 duomen\u0173. \u0160ie slapukai galios vienerius metus.<\/p>\n<p data-start=\"1239\" data-end=\"1451\">Jei apsilankysite m\u016bs\u0173 prisijungimo puslapyje, mes nustatysime laikin\u0105 slapuk\u0105, kad patikrintume, ar j\u016bs\u0173 nar\u0161ykl\u0117 priima slapukus. \u0160is slapukas neturi asmenini\u0173 duomen\u0173 ir bus i\u0161trintas, kai u\u017edarysite nar\u0161ykl\u0119.<\/p>\n<p data-start=\"1453\" data-end=\"1805\">Kai prisijungiate, mes taip pat nustatome kelis slapukus, kad i\u0161saugotume j\u016bs\u0173 prisijungimo informacij\u0105 ir ekrano rodymo nustatymus. Prisijungimo slapukai galioja dvi dienas, o ekrano nustatym\u0173 slapukai \u2013 vienerius metus. Jei pasirinksite \u201ePrisiminti mane\u201c, j\u016bs\u0173 prisijungimas i\u0161liks dvi savaites. Jei atsijungsite, prisijungimo slapukai bus pa\u0161alinti.<\/p>\n<p data-start=\"1807\" data-end=\"2019\">Jei redaguosite ar paskelbsite straipsn\u012f, j\u016bs\u0173 nar\u0161ykl\u0117je bus i\u0161saugotas papildomas slapukas. \u0160is slapukas neturi asmenini\u0173 duomen\u0173 ir tiesiog nurodo k\u0105 tik redaguoto straipsnio ID. Jis baigs galioti po 1 dienos.<\/p>\n<h3 data-start=\"2021\" data-end=\"2061\">\u012eterptasis turinys i\u0161 kit\u0173 svetaini\u0173<\/h3>\n<p data-start=\"2063\" data-end=\"2296\">Straipsniuose \u0161ioje svetain\u0117je gali b\u016bti \u012fterpto turinio (pvz., vaizdo \u012fra\u0161\u0173, nuotrauk\u0173, straipsni\u0173 ir kt.). \u012eterptasis turinys i\u0161 kit\u0173 svetaini\u0173 veikia taip pat, kaip jei lankytojas b\u016bt\u0173 apsilank\u0119s toje svetain\u0117je.<\/p>\n<p data-start=\"2298\" data-end=\"2537\">\u0160ios svetain\u0117s gali rinkti duomenis apie jus, naudoti slapukus, \u012fterpti papildom\u0105 tre\u010di\u0173j\u0173 \u0161ali\u0173 steb\u0117jim\u0105 ir steb\u0117ti j\u016bs\u0173 s\u0105veik\u0105 su \u012fterptu turiniu, \u012fskaitant s\u0105veikos steb\u0117jim\u0105, jei turite paskyr\u0105 ir esate prisijung\u0119 prie tos svetain\u0117s.<\/p>\n<h3 data-start=\"2539\" data-end=\"2575\">Su kuo dalijam\u0117s j\u016bs\u0173 duomenimis<\/h3>\n<p data-start=\"2577\" data-end=\"2679\">Jei pra\u0161ote atkurti slapta\u017eod\u012f, j\u016bs\u0173 IP adresas bus \u012ftrauktas \u012f atk\u016brimo el. lai\u0161k\u0105.<\/p>\n<h3 data-start=\"2681\" data-end=\"2717\">Kiek laiko saugome j\u016bs\u0173 duomenis<\/h3>\n<p data-start=\"2719\" data-end=\"2953\">Jei paliekate komentar\u0105, komentaras ir jo metaduomenys saugomi neribot\u0105 laik\u0105. Taip daroma tam, kad gal\u0117tume automati\u0161kai atpa\u017einti ir patvirtinti bet kokius tolesnius komentarus, o ne laikyti juos moderavimo eil\u0117je.<\/p>\n<p data-start=\"2955\" data-end=\"3307\">Registruotiems svetain\u0117s vartotojams (jei toki\u0173 yra) mes taip pat saugome j\u0173 pateikt\u0105 asmenin\u0119 informacij\u0105 j\u0173 naudotojo profilyje. Visi vartotojai gali matyti, redaguoti ar i\u0161trinti savo asmenin\u0119 informacij\u0105 bet kuriuo metu (i\u0161skyrus naudotojo vard\u0105, kurio keisti negalima). Svetain\u0117s administratoriai taip pat gali matyti ir redaguoti \u0161i\u0105 informacij\u0105.<\/p>\n<h3 data-start=\"3309\" data-end=\"3349\">Kokias teises turite \u012f savo duomenis<\/h3>\n<p data-start=\"3351\" data-end=\"3755\">Jei turite paskyr\u0105 \u0161ioje svetain\u0117je arba esate palik\u0119 komentar\u0173, galite papra\u0161yti gauti eksportuot\u0105 fail\u0105 su visais m\u016bs\u0173 saugomais j\u016bs\u0173 asmeniniais duomenimis, \u012fskaitant visus duomenis, kuriuos pateik\u0117te. Taip pat galite papra\u0161yti, kad i\u0161trintume visus j\u016bs\u0173 turimus asmeninius duomenis. Tai neapima duomen\u0173, kuriuos privalome saugoti d\u0117l administracini\u0173, teisini\u0173 ar saugumo prie\u017eas\u010di\u0173.<\/p>\n<h3 data-start=\"3757\" data-end=\"3788\">Kur siun\u010diami j\u016bs\u0173 duomenys<\/h3>\n<p data-start=\"3790\" data-end=\"3896\" data-is-last-node=\"\" data-is-only-node=\"\">Lankytoj\u0173 komentarai gali b\u016bti tikrinami naudojant automatin\u0119 \u0161lam\u0161to aptikimo paslaug\u0105.<\/p>\n","protected":false},"excerpt":{"rendered":"<p>Kas mes esame M\u016bs\u0173 svetain\u0117s adresas yra: http:\/\/rkadras.lt\/fotomokykla. Komentarai Kai lankytojai palieka komentarus svetain\u0117je, mes renkame duomenis, rodomus komentar\u0173 formoje, taip pat lankytojo IP adres\u0105 ir nar\u0161ykl\u0117s naudotojo agento eilut\u0119, kad pad\u0117tume aptikti \u0161lam\u0161t\u0105. Anonimizuota eilut\u0117, sukurta i\u0161 j\u016bs\u0173 el. pa\u0161to adreso (dar vadinama \u201ehash\u201c), gali b\u016bti pateikta \u201eGravatar\u201c paslaugai, kad patikrintume, ar j\u0105 naudojate. [&hellip;]<\/p>\n","protected":false},"author":1,"featured_media":0,"parent":0,"menu_order":0,"comment_status":"closed","ping_status":"closed","template":"","meta":{"footnotes":""},"class_list":["post-3","page","type-page","status-publish","hentry","entry","owp-thumbs-layout-horizontal","owp-btn-normal","owp-tabs-layout-horizontal","has-no-thumbnails","has-product-nav"],"jetpack_sharing_enabled":true,"_links":{"self":[{"href":"https:\/\/rkadras.lt\/fotomokykla\/wp-json\/wp\/v2\/pages\/3","targetHints":{"allow":["GET"]}}],"collection":[{"href":"https:\/\/rkadras.lt\/fotomokykla\/wp-json\/wp\/v2\/pages"}],"about":[{"href":"https:\/\/rkadras.lt\/fotomokykla\/wp-json\/wp\/v2\/types\/page"}],"author":[{"embeddable":true,"href":"https:\/\/rkadras.lt\/fotomokykla\/wp-json\/wp\/v2\/users\/1"}],"replies":[{"embeddable":true,"href":"https:\/\/rkadras.lt\/fotomokykla\/wp-json\/wp\/v2\/comments?post=3"}],"version-history":[{"count":2,"href":"https:\/\/rkadras.lt\/fotomokykla\/wp-json\/wp\/v2\/pages\/3\/revisions"}],"predecessor-version":[{"id":234,"href":"https:\/\/rkadras.lt\/fotomokykla\/wp-json\/wp\/v2\/pages\/3\/revisions\/234"}],"wp:attachment":[{"href":"https:\/\/rkadras.lt\/fotomokykla\/wp-json\/wp\/v2\/media?parent=3"}],"curies":[{"name":"wp","href":"https:\/\/api.w.org\/{rel}","templated":true}]}}