{"id":1427,"date":"2025-02-18T16:55:46","date_gmt":"2025-02-18T16:55:46","guid":{"rendered":"https:\/\/rkadras.lt\/?page_id=1427"},"modified":"2025-02-18T17:06:33","modified_gmt":"2025-02-18T17:06:33","slug":"grazinimo-salygos","status":"publish","type":"page","link":"https:\/\/rkadras.lt\/index.php\/grazinimo-salygos\/","title":{"rendered":"Gr\u0105\u017einimo s\u0105lygos"},"content":{"rendered":"\n<ul class=\"wp-block-list\">\n<li>Prekes galite gr\u0105\u017einti arba pakeisti per 14 kalendorini\u0173 dien\u0173 nuo prek\u0117s \u012fsigijimo dienos.<\/li>\n\n\n\n<li>Gr\u0105\u017einant prek\u0119 b\u016btina pateikti pirkimo \u010dek\u012f.<\/li>\n\n\n\n<li>Prek\u0117s gr\u0105\u017einimo ka\u0161tus padengia pirk\u0117jas<\/li>\n<\/ul>\n\n\n\n<p><\/p>\n","protected":false},"excerpt":{"rendered":"","protected":false},"author":1,"featured_media":0,"parent":0,"menu_order":0,"comment_status":"closed","ping_status":"closed","template":"","meta":{"_uag_custom_page_level_css":"","two_page_speed":[],"footnotes":""},"class_list":["post-1427","page","type-page","status-publish","hentry"],"_hostinger_reach_plugin_has_subscription_block":false,"_hostinger_reach_plugin_is_elementor":false,"uagb_featured_image_src":{"full":false,"thumbnail":false,"medium":false,"medium_large":false,"large":false,"1536x1536":false,"2048x2048":false,"tenweb_optimizer_mobile":false,"tenweb_optimizer_tablet":false,"woocommerce_thumbnail":false,"woocommerce_single":false,"woocommerce_gallery_thumbnail":false,"shop_catalog":false,"shop_single":false,"shop_thumbnail":false},"uagb_author_info":{"display_name":"ramunas.music","author_link":"https:\/\/rkadras.lt\/index.php\/author\/ramunas-music\/"},"uagb_comment_info":0,"uagb_excerpt":null,"_links":{"self":[{"href":"https:\/\/rkadras.lt\/index.php\/wp-json\/wp\/v2\/pages\/1427","targetHints":{"allow":["GET"]}}],"collection":[{"href":"https:\/\/rkadras.lt\/index.php\/wp-json\/wp\/v2\/pages"}],"about":[{"href":"https:\/\/rkadras.lt\/index.php\/wp-json\/wp\/v2\/types\/page"}],"author":[{"embeddable":true,"href":"https:\/\/rkadras.lt\/index.php\/wp-json\/wp\/v2\/users\/1"}],"replies":[{"embeddable":true,"href":"https:\/\/rkadras.lt\/index.php\/wp-json\/wp\/v2\/comments?post=1427"}],"version-history":[{"count":3,"href":"https:\/\/rkadras.lt\/index.php\/wp-json\/wp\/v2\/pages\/1427\/revisions"}],"predecessor-version":[{"id":1440,"href":"https:\/\/rkadras.lt\/index.php\/wp-json\/wp\/v2\/pages\/1427\/revisions\/1440"}],"wp:attachment":[{"href":"https:\/\/rkadras.lt\/index.php\/wp-json\/wp\/v2\/media?parent=1427"}],"curies":[{"name":"wp","href":"https:\/\/api.w.org\/{rel}","templated":true}]}}