{"id":1432,"date":"2025-02-18T16:58:36","date_gmt":"2025-02-18T16:58:36","guid":{"rendered":"https:\/\/rkadras.lt\/?page_id=1432"},"modified":"2025-02-18T17:07:44","modified_gmt":"2025-02-18T17:07:44","slug":"bendros-salygos","status":"publish","type":"page","link":"https:\/\/rkadras.lt\/index.php\/bendros-salygos\/","title":{"rendered":"Bendros s\u0105lygos"},"content":{"rendered":"\n<p>Apsilankydami \u0161ioje foto paslaug\u0173 parduotuv\u0117s tinklalapyje, J\u016bs sutinkate su \u017eemiau pateiktomis taisykl\u0117mis. Apsilank\u0119 foto preki\u0173 parduotuv\u0117je arba pasilik\u0119 tinklalapyje, J\u016bs sutinkate ir pripa\u017e\u012fstate, kad darote tai pagal \u0161ias taisykles. &#8220;rKadras&#8221; gali keisti \u0161ias naudojimo taisykles be i\u0161ankstinio persp\u0117jimo. Foto preki\u0173 parduotuv\u0117s vartotojas naudoja &#8220;rKadras&#8221; informacini\u0173 technologij\u0173 sistem\u0105 foto preki\u0173 u\u017esakymui i\u0161 \u012fvairi\u0173 paslaug\u0173 tiek\u0117j\u0173.<\/p>\n\n\n\n<p>Foto preki\u0173 parduotuv\u0117s vartotoju gali b\u016bti bet kuris fizinis arba juridinis asmuo (toliau tekste &#8211; Vartotojas), u\u017esiregistrav\u0119s &#8220;rKadras&#8221; sistemoje. &#8220;rKadras&#8221; pasilieka sau teis\u0119 atsisakyti registruoti arba at\u0161aukti vartotojo prieig\u0105 prie sistemos, jei jis nesilaiko naudojimosi taisykli\u0173.<\/p>\n\n\n\n<p>&#8221; rKadras &#8221; &#8211; tai foto preki\u0173 pardavimo tarp vartotojo ir paslaug\u0173 teik\u0117jo u\u017etikrinimo funkcija.<\/p>\n\n\n\n<p>&#8221; rKadras &#8221; garantuoja patalpint\u0173 foto nuotrauk\u0173 ir kit\u0173 foto preki\u0173 konfidencialum\u0105 ir draud\u017eia prieig\u0105 prie j\u0173 neregistruotiems tretiesiems asmenims (foto studijoms, reklamos agent\u016broms, Internetin\u0117ms parduotuv\u0117ms ir t.t.). Foto nuotraukos saugomos apsaugotuose serveriuose ir prieinamos tik konkretiems vartotojams, turintiems prieigos kod\u0105. Gauti prieig\u0105 prie vartotojo profilio ir prie foto preki\u0173 parduotuv\u0117s galima unikalaus vartotojo vardo ir slapta\u017eod\u017eio pagalba, kurie suteikiami kiekvienam vartotojui tiesiogiai arba su tarpininko pagalba. &#8221; rKadras &#8221; savo nuo\u017ei\u016bra ir tik b\u016btinu atveju gali i\u0161si\u0173sti vartotojui jo unikal\u0173 vartotojo vard\u0105 ir slapta\u017eod\u012f.<\/p>\n\n\n\n<p>Vartotojas turi galimyb\u0119 nusi\u0173sti prieigos prie savo profilio duomenis bet kuriam tre\u010diajam asmeniui, pasinaudodamas specialiais &#8221; rKadras &#8221; \u012frankiais.<\/p>\n\n\n\n<p><br>Kiekvienas &#8221; rKadras &#8221; tinklalapio vartotojas visa apimtimi atsako u\u017e bet koki\u0105 informacij\u0105, kuri\u0105 jis siun\u010dia kitiems Interneto vartotojams \u2013 u\u017e rinkmenas, fotografijas, tekstus ir t.t., bei prisiima visi\u0161k\u0105 atsakomyb\u0119 u\u017e pasekmes (i\u0161 j\u0173 ir teisines), kurios gali i\u0161kilti siun\u010diant toki\u0105 informacij\u0105.<\/p>\n\n\n\n<p>Vartotojas atsako u\u017e saug\u0173 prieigos duomen\u0173 laikym\u0105. Vartotojui draud\u017eiama si\u0173sti prieigos duomenis bet kokiam tre\u010diajam asmeniui, kuris gali panaudoti patalpint\u0173 preki\u0173 fotografijas komerciniais tikslais ir kokiose nors publikacijose be ra\u0161ti\u0161ko vartotojo sutikimo.<\/p>\n\n\n\n<p>Vartotojas sutinka gauti trumpus informacinius prane\u0161imus, bei fotosesijos prisijungimo kodo ir slapta\u017eod\u017eio priminim\u0105, \u012f nurodyt\u0105 telefono numer\u012f.<\/p>\n\n\n\n<p>Bet kokiu atveju &#8221; rKadras &#8221; neatsako u\u017e vartotoj\u0173 vieno kitam siun\u010diam\u0105 informacij\u0105 ir u\u017e pasekmes (tarp j\u0173 ir teisines), i\u0161kilusias d\u0117l tokios informacijos siuntimo. Be to, &#8221; rKadras &#8221; neatsako u\u017e prieig\u0105 prie tinklalapio, u\u017e vartotoj\u0173 tarpusavio bendravim\u0105, bet kokius techninius trukd\u017eius tinklalapio darbe, u\u017e duomen\u0173 pakeitim\u0105 vartotojo profilyje d\u0117l kito, neu\u017eregistruoto asmens prieigos. Visa tinklalapio veikla (i\u0161 jos ir jame prieinamos paslaugos) si\u016blomos tokios, kokios yra (\u201eas=is\u201d), be joki\u0173 papildom\u0173 garantij\u0173 i\u0161 &#8221; rKadras &#8221; pus\u0117s. Ir dar, &#8221; rKadras &#8221; jokiu b\u016bdu neatsako u\u017e bet kokius nuostolius, kurie i\u0161kilo tinklalapio vartotojui d\u0117l tinklalapio ir jo teikiam\u0173 paslaug\u0173 naudojimo.<\/p>\n\n\n\n<p>&#8221; rKadras &#8221; turi teis\u0119 savo nuo\u017ei\u016bra ir be i\u0161ankstinio persp\u0117jimo, i\u0161trinti u\u017eregistruot\u0173 vartotoj\u0173 profilius ir rinkmenas, bei apriboti arba u\u017edrausti prieig\u0105 prie tinklalapio, &#8221; rKadras &#8221; u\u017e tai neatsakant.<\/p>\n\n\n\n<p>Bendravimui su pirk\u0117ju pardav\u0117jas turi teis\u0119 naudotis \u012fvairiais komunikacijos kanalais, \u012fskaitant telefon\u0105, katalogus, reklam\u0105 tiesioginiu pa\u0161tu, elektronin\u012f pa\u0161t\u0105, SMS \u017einutes ir kt.<\/p>\n\n\n\n<p>\u0160ios taisykl\u0117s parengtos pagal Europos S\u0105jungos teis\u0117s aktus ir i\u0161kilus gin\u010dams \u0161alys tokius gin\u010dus sprend\u017eia tarpusavio deryb\u0173 keliu, o jei susitarti nepavyko, Europos S\u0105jungos teis\u0117s akt\u0173 nustatyta tvarka.<\/p>\n","protected":false},"excerpt":{"rendered":"<p>Apsilankydami \u0161ioje foto paslaug\u0173 parduotuv\u0117s tinklalapyje, J\u016bs sutinkate su \u017eemiau pateiktomis taisykl\u0117mis. Apsilank\u0119 foto preki\u0173 parduotuv\u0117je arba pasilik\u0119 tinklalapyje, J\u016bs sutinkate ir pripa\u017e\u012fstate, kad darote tai pagal \u0161ias taisykles. &#8220;rKadras&#8221; gali keisti \u0161ias naudojimo taisykles be i\u0161ankstinio persp\u0117jimo. Foto preki\u0173 parduotuv\u0117s vartotojas naudoja &#8220;rKadras&#8221; informacini\u0173 technologij\u0173 sistem\u0105 foto preki\u0173 u\u017esakymui i\u0161 \u012fvairi\u0173 paslaug\u0173 tiek\u0117j\u0173. Foto &hellip;<\/p>\n<p class=\"read-more\"> <a class=\"\" href=\"https:\/\/rkadras.lt\/index.php\/bendros-salygos\/\"> <span class=\"screen-reader-text\">Bendros s\u0105lygos<\/span> Read More &raquo;<\/a><\/p>\n","protected":false},"author":1,"featured_media":0,"parent":0,"menu_order":0,"comment_status":"closed","ping_status":"closed","template":"","meta":{"_uag_custom_page_level_css":"","two_page_speed":[],"footnotes":""},"class_list":["post-1432","page","type-page","status-publish","hentry"],"_hostinger_reach_plugin_has_subscription_block":false,"_hostinger_reach_plugin_is_elementor":false,"uagb_featured_image_src":{"full":false,"thumbnail":false,"medium":false,"medium_large":false,"large":false,"1536x1536":false,"2048x2048":false,"tenweb_optimizer_mobile":false,"tenweb_optimizer_tablet":false,"woocommerce_thumbnail":false,"woocommerce_single":false,"woocommerce_gallery_thumbnail":false,"shop_catalog":false,"shop_single":false,"shop_thumbnail":false},"uagb_author_info":{"display_name":"ramunas.music","author_link":"https:\/\/rkadras.lt\/index.php\/author\/ramunas-music\/"},"uagb_comment_info":0,"uagb_excerpt":"Apsilankydami \u0161ioje foto paslaug\u0173 parduotuv\u0117s tinklalapyje, J\u016bs sutinkate su \u017eemiau pateiktomis taisykl\u0117mis. Apsilank\u0119 foto preki\u0173 parduotuv\u0117je arba pasilik\u0119 tinklalapyje, J\u016bs sutinkate ir pripa\u017e\u012fstate, kad darote tai pagal \u0161ias taisykles. &#8220;rKadras&#8221; gali keisti \u0161ias naudojimo taisykles be i\u0161ankstinio persp\u0117jimo. Foto preki\u0173 parduotuv\u0117s vartotojas naudoja &#8220;rKadras&#8221; informacini\u0173 technologij\u0173 sistem\u0105 foto preki\u0173 u\u017esakymui i\u0161 \u012fvairi\u0173 paslaug\u0173 tiek\u0117j\u0173. Foto&hellip;","_links":{"self":[{"href":"https:\/\/rkadras.lt\/index.php\/wp-json\/wp\/v2\/pages\/1432","targetHints":{"allow":["GET"]}}],"collection":[{"href":"https:\/\/rkadras.lt\/index.php\/wp-json\/wp\/v2\/pages"}],"about":[{"href":"https:\/\/rkadras.lt\/index.php\/wp-json\/wp\/v2\/types\/page"}],"author":[{"embeddable":true,"href":"https:\/\/rkadras.lt\/index.php\/wp-json\/wp\/v2\/users\/1"}],"replies":[{"embeddable":true,"href":"https:\/\/rkadras.lt\/index.php\/wp-json\/wp\/v2\/comments?post=1432"}],"version-history":[{"count":2,"href":"https:\/\/rkadras.lt\/index.php\/wp-json\/wp\/v2\/pages\/1432\/revisions"}],"predecessor-version":[{"id":1441,"href":"https:\/\/rkadras.lt\/index.php\/wp-json\/wp\/v2\/pages\/1432\/revisions\/1441"}],"wp:attachment":[{"href":"https:\/\/rkadras.lt\/index.php\/wp-json\/wp\/v2\/media?parent=1432"}],"curies":[{"name":"wp","href":"https:\/\/api.w.org\/{rel}","templated":true}]}}