{"id":1453,"date":"2025-02-18T17:35:11","date_gmt":"2025-02-18T17:35:11","guid":{"rendered":"https:\/\/rkadras.lt\/?page_id=1453"},"modified":"2026-01-14T12:16:40","modified_gmt":"2026-01-14T12:16:40","slug":"kontaktai","status":"publish","type":"page","link":"https:\/\/rkadras.lt\/index.php\/kontaktai\/","title":{"rendered":"Kontaktai"},"content":{"rendered":"\n<p><\/p>\n\n\n\n<p>Fotografas: Ram\u016bnas Ka\u010derauskas<\/p>\n\n\n\n<p>Vilkp\u0117d\u0117s g. 8, korpusas 12, Vilnius. <\/p>\n\n\n\n<p>El. pa\u0161tas: info@rkadras.lt;<\/p>\n\n\n\n<p>Tel. Nr. +370 68612982<\/p>\n\n\n\n<p>AB SEB bankas, LT037044000847623489<\/p>\n\n\n\n<p>Veikla vykdoma pagal gyventojo individualios veiklos pa\u017eym\u0105 Nr. 1399729<\/p>\n\n\n\n<p><\/p>\n","protected":false},"excerpt":{"rendered":"<p>Fotografas: Ram\u016bnas Ka\u010derauskas Vilkp\u0117d\u0117s g. 8, korpusas 12, Vilnius. El. pa\u0161tas: info@rkadras.lt; Tel. Nr. +370 68612982 AB SEB bankas, LT037044000847623489 Veikla vykdoma pagal gyventojo individualios veiklos pa\u017eym\u0105 Nr. 1399729<\/p>\n","protected":false},"author":1,"featured_media":0,"parent":0,"menu_order":0,"comment_status":"closed","ping_status":"closed","template":"","meta":{"_uag_custom_page_level_css":"","two_page_speed":[],"footnotes":""},"class_list":["post-1453","page","type-page","status-publish","hentry"],"_hostinger_reach_plugin_has_subscription_block":false,"_hostinger_reach_plugin_is_elementor":false,"uagb_featured_image_src":{"full":false,"thumbnail":false,"medium":false,"medium_large":false,"large":false,"1536x1536":false,"2048x2048":false,"tenweb_optimizer_mobile":false,"tenweb_optimizer_tablet":false,"woocommerce_thumbnail":false,"woocommerce_single":false,"woocommerce_gallery_thumbnail":false,"shop_catalog":false,"shop_single":false,"shop_thumbnail":false},"uagb_author_info":{"display_name":"ramunas.music","author_link":"https:\/\/rkadras.lt\/index.php\/author\/ramunas-music\/"},"uagb_comment_info":0,"uagb_excerpt":"Fotografas: Ram\u016bnas Ka\u010derauskas Vilkp\u0117d\u0117s g. 8, korpusas 12, Vilnius. El. pa\u0161tas: info@rkadras.lt; Tel. Nr. +370 68612982 AB SEB bankas, LT037044000847623489 Veikla vykdoma pagal gyventojo individualios veiklos pa\u017eym\u0105 Nr. 1399729","_links":{"self":[{"href":"https:\/\/rkadras.lt\/index.php\/wp-json\/wp\/v2\/pages\/1453","targetHints":{"allow":["GET"]}}],"collection":[{"href":"https:\/\/rkadras.lt\/index.php\/wp-json\/wp\/v2\/pages"}],"about":[{"href":"https:\/\/rkadras.lt\/index.php\/wp-json\/wp\/v2\/types\/page"}],"author":[{"embeddable":true,"href":"https:\/\/rkadras.lt\/index.php\/wp-json\/wp\/v2\/users\/1"}],"replies":[{"embeddable":true,"href":"https:\/\/rkadras.lt\/index.php\/wp-json\/wp\/v2\/comments?post=1453"}],"version-history":[{"count":2,"href":"https:\/\/rkadras.lt\/index.php\/wp-json\/wp\/v2\/pages\/1453\/revisions"}],"predecessor-version":[{"id":1777,"href":"https:\/\/rkadras.lt\/index.php\/wp-json\/wp\/v2\/pages\/1453\/revisions\/1777"}],"wp:attachment":[{"href":"https:\/\/rkadras.lt\/index.php\/wp-json\/wp\/v2\/media?parent=1453"}],"curies":[{"name":"wp","href":"https:\/\/api.w.org\/{rel}","templated":true}]}}