{"id":1471,"date":"2025-03-26T21:08:19","date_gmt":"2025-03-26T21:08:19","guid":{"rendered":"https:\/\/rkadras.lt\/?page_id=1471"},"modified":"2025-12-01T14:32:34","modified_gmt":"2025-12-01T14:32:34","slug":"pradinis","status":"publish","type":"page","link":"https:\/\/rkadras.lt\/","title":{"rendered":""},"content":{"rendered":"\n<p class=\"has-text-align-center has-cyan-bluish-gray-color has-text-color has-link-color has-large-font-size wp-elements-1761e176cb10792c30ee785106ae8f78\"><strong>Mokykloms ir dar\u017eeliams. I\u0161sirinkite savo nuotraukas<\/strong>:<\/p>\n\n\n\n<div class=\"wp-block-buttons alignwide is-content-justification-center is-layout-flex wp-container-core-buttons-is-layout-51f7783f wp-block-buttons-is-layout-flex\">\n<div class=\"wp-block-button is-style-fill\"><a class=\"wp-block-button__link has-cyan-bluish-gray-background-color has-background wp-element-button\" href=\"http:\/\/www.rkadras.lt\/fotomokykla\" style=\"border-radius:100px\">Spauskite \u010dia, kad suvestum\u0117te fotosesijos kod\u0105<\/a><\/div>\n<\/div>\n\n\n\n<div class=\"wp-block-columns is-layout-flex wp-container-core-columns-is-layout-9d6595d7 wp-block-columns-is-layout-flex\">\n<div class=\"wp-block-column is-layout-flow wp-block-column-is-layout-flow\" style=\"flex-basis:100%\">\n<div class=\"wp-block-media-text is-stacked-on-mobile\"><figure class=\"wp-block-media-text__media\"><\/figure><div class=\"wp-block-media-text__content\">\n<p><\/p>\n<\/div><\/div>\n\n\n\n<div class=\"wp-block-columns is-layout-flex wp-container-core-columns-is-layout-9d6595d7 wp-block-columns-is-layout-flex\">\n<div class=\"wp-block-column is-vertically-aligned-bottom is-layout-flow wp-block-column-is-layout-flow\" style=\"flex-basis:66.66%\"><\/div>\n\n\n\n<div class=\"wp-block-column is-layout-flow wp-block-column-is-layout-flow\" style=\"flex-basis:33.33%\"><\/div>\n<\/div>\n\n\n\n<div class=\"wp-block-media-text alignfull is-stacked-on-mobile is-vertically-aligned-bottom\" style=\"grid-template-columns:30% auto\"><figure class=\"wp-block-media-text__media\"><img fetchpriority=\"high\" decoding=\"async\" width=\"200\" height=\"300\" src=\"https:\/\/rkadras.lt\/wp-content\/uploads\/2025\/03\/Ieva-geras-1-5-200x300.jpg\" alt=\"\" class=\"wp-image-1501 size-medium\" srcset=\"https:\/\/rkadras.lt\/wp-content\/uploads\/2025\/03\/Ieva-geras-1-5-200x300.jpg 200w, https:\/\/rkadras.lt\/wp-content\/uploads\/2025\/03\/Ieva-geras-1-5-682x1024.jpg 682w, https:\/\/rkadras.lt\/wp-content\/uploads\/2025\/03\/Ieva-geras-1-5-768x1152.jpg 768w, https:\/\/rkadras.lt\/wp-content\/uploads\/2025\/03\/Ieva-geras-1-5-1024x1536.jpg 1024w, https:\/\/rkadras.lt\/wp-content\/uploads\/2025\/03\/Ieva-geras-1-5-600x900.jpg 600w, https:\/\/rkadras.lt\/wp-content\/uploads\/2025\/03\/Ieva-geras-1-5.jpg 1349w\" sizes=\"(max-width: 200px) 100vw, 200px\" \/><\/figure><div class=\"wp-block-media-text__content\">\n<p><\/p>\n\n\n\n<figure class=\"wp-block-gallery has-nested-images columns-default is-cropped wp-block-gallery-1 is-layout-flex wp-block-gallery-is-layout-flex\"><div class=\"wp-block-image\">\n<figure class=\"aligncenter size-large\"><img decoding=\"async\" width=\"1024\" height=\"682\" data-id=\"1503\" src=\"https:\/\/rkadras.lt\/wp-content\/uploads\/2025\/03\/Vinjete-1-5-1024x682.jpg\" alt=\"\" class=\"wp-image-1503\" srcset=\"https:\/\/rkadras.lt\/wp-content\/uploads\/2025\/03\/Vinjete-1-5-1024x682.jpg 1024w, https:\/\/rkadras.lt\/wp-content\/uploads\/2025\/03\/Vinjete-1-5-300x200.jpg 300w, https:\/\/rkadras.lt\/wp-content\/uploads\/2025\/03\/Vinjete-1-5-768x512.jpg 768w, https:\/\/rkadras.lt\/wp-content\/uploads\/2025\/03\/Vinjete-1-5-1536x1024.jpg 1536w, https:\/\/rkadras.lt\/wp-content\/uploads\/2025\/03\/Vinjete-1-5-600x400.jpg 600w, https:\/\/rkadras.lt\/wp-content\/uploads\/2025\/03\/Vinjete-1-5.jpg 2024w\" sizes=\"(max-width: 1024px) 100vw, 1024px\" \/><\/figure>\n<\/div><\/figure>\n<\/div><\/div>\n<\/div>\n<\/div>\n\n\n\n<p><\/p>\n","protected":false},"excerpt":{"rendered":"<p>Mokykloms ir dar\u017eeliams. I\u0161sirinkite savo nuotraukas:<\/p>\n","protected":false},"author":1,"featured_media":0,"parent":0,"menu_order":0,"comment_status":"closed","ping_status":"closed","template":"","meta":{"_uag_custom_page_level_css":"","two_page_speed":null,"footnotes":""},"class_list":["post-1471","page","type-page","status-publish","hentry"],"_hostinger_reach_plugin_has_subscription_block":false,"_hostinger_reach_plugin_is_elementor":false,"uagb_featured_image_src":{"full":false,"thumbnail":false,"medium":false,"medium_large":false,"large":false,"1536x1536":false,"2048x2048":false,"tenweb_optimizer_mobile":false,"tenweb_optimizer_tablet":false,"woocommerce_thumbnail":false,"woocommerce_single":false,"woocommerce_gallery_thumbnail":false,"shop_catalog":false,"shop_single":false,"shop_thumbnail":false},"uagb_author_info":{"display_name":"ramunas.music","author_link":"https:\/\/rkadras.lt\/index.php\/author\/ramunas-music\/"},"uagb_comment_info":0,"uagb_excerpt":"Mokykloms ir dar\u017eeliams. I\u0161sirinkite savo nuotraukas:","_links":{"self":[{"href":"https:\/\/rkadras.lt\/index.php\/wp-json\/wp\/v2\/pages\/1471","targetHints":{"allow":["GET"]}}],"collection":[{"href":"https:\/\/rkadras.lt\/index.php\/wp-json\/wp\/v2\/pages"}],"about":[{"href":"https:\/\/rkadras.lt\/index.php\/wp-json\/wp\/v2\/types\/page"}],"author":[{"embeddable":true,"href":"https:\/\/rkadras.lt\/index.php\/wp-json\/wp\/v2\/users\/1"}],"replies":[{"embeddable":true,"href":"https:\/\/rkadras.lt\/index.php\/wp-json\/wp\/v2\/comments?post=1471"}],"version-history":[{"count":24,"href":"https:\/\/rkadras.lt\/index.php\/wp-json\/wp\/v2\/pages\/1471\/revisions"}],"predecessor-version":[{"id":1523,"href":"https:\/\/rkadras.lt\/index.php\/wp-json\/wp\/v2\/pages\/1471\/revisions\/1523"}],"wp:attachment":[{"href":"https:\/\/rkadras.lt\/index.php\/wp-json\/wp\/v2\/media?parent=1471"}],"curies":[{"name":"wp","href":"https:\/\/api.w.org\/{rel}","templated":true}]}}