{"id":359,"date":"2017-12-13T08:37:41","date_gmt":"2017-12-13T08:37:41","guid":{"rendered":"https:\/\/websitedemos.net\/artist-02\/?page_id=9"},"modified":"2025-03-26T20:55:29","modified_gmt":"2025-03-26T20:55:29","slug":"home","status":"publish","type":"page","link":"https:\/\/rkadras.lt\/index.php\/about-me\/home\/","title":{"rendered":"Home"},"content":{"rendered":"\t\t<div data-elementor-type=\"wp-page\" data-elementor-id=\"359\" class=\"elementor elementor-359\">\n\t\t\t\t\t\t<section class=\"elementor-section elementor-top-section elementor-element elementor-element-44789b6 elementor-section-full_width elementor-section-content-middle elementor-section-height-default elementor-section-height-default\" data-id=\"44789b6\" data-element_type=\"section\" data-settings=\"{&quot;background_background&quot;:&quot;gradient&quot;}\">\n\t\t\t\t\t\t<div class=\"elementor-container elementor-column-gap-no\">\n\t\t\t\t\t<div class=\"elementor-column elementor-col-100 elementor-top-column elementor-element elementor-element-8f0bfa6\" data-id=\"8f0bfa6\" data-element_type=\"column\">\n\t\t\t<div class=\"elementor-widget-wrap elementor-element-populated\">\n\t\t\t\t\t\t<div class=\"elementor-element elementor-element-fdeb9ae elementor-widget elementor-widget-spacer\" data-id=\"fdeb9ae\" data-element_type=\"widget\" data-widget_type=\"spacer.default\">\n\t\t\t\t<div class=\"elementor-widget-container\">\n\t\t\t\t\t\t\t<div class=\"elementor-spacer\">\n\t\t\t<div class=\"elementor-spacer-inner\"><\/div>\n\t\t<\/div>\n\t\t\t\t\t\t<\/div>\n\t\t\t\t<\/div>\n\t\t\t\t<div class=\"elementor-element elementor-element-b04e985 elementor-widget elementor-widget-spacer\" data-id=\"b04e985\" data-element_type=\"widget\" data-widget_type=\"spacer.default\">\n\t\t\t\t<div class=\"elementor-widget-container\">\n\t\t\t\t\t\t\t<div class=\"elementor-spacer\">\n\t\t\t<div class=\"elementor-spacer-inner\"><\/div>\n\t\t<\/div>\n\t\t\t\t\t\t<\/div>\n\t\t\t\t<\/div>\n\t\t\t\t<section class=\"elementor-section elementor-inner-section elementor-element elementor-element-65fd078 elementor-section-full_width elementor-section-content-bottom elementor-section-height-min-height elementor-section-height-default\" data-id=\"65fd078\" data-element_type=\"section\">\n\t\t\t\t\t\t<div class=\"elementor-container elementor-column-gap-default\">\n\t\t\t\t\t<div class=\"elementor-column elementor-col-50 elementor-inner-column elementor-element elementor-element-d027e95\" data-id=\"d027e95\" data-element_type=\"column\" data-settings=\"{&quot;background_background&quot;:&quot;classic&quot;}\">\n\t\t\t<div class=\"elementor-widget-wrap elementor-element-populated\">\n\t\t\t\t\t<div class=\"elementor-background-overlay\"><\/div>\n\t\t\t\t\t\t<div class=\"elementor-element elementor-element-d79ab1e elementor-widget elementor-widget-spacer\" data-id=\"d79ab1e\" data-element_type=\"widget\" data-widget_type=\"spacer.default\">\n\t\t\t\t<div class=\"elementor-widget-container\">\n\t\t\t\t\t\t\t<div class=\"elementor-spacer\">\n\t\t\t<div class=\"elementor-spacer-inner\"><\/div>\n\t\t<\/div>\n\t\t\t\t\t\t<\/div>\n\t\t\t\t<\/div>\n\t\t\t\t\t<\/div>\n\t\t<\/div>\n\t\t\t\t<div class=\"elementor-column elementor-col-50 elementor-inner-column elementor-element elementor-element-734a360\" data-id=\"734a360\" data-element_type=\"column\">\n\t\t\t<div class=\"elementor-widget-wrap elementor-element-populated\">\n\t\t\t\t\t\t<div class=\"elementor-element elementor-element-b376c9a elementor-widget__width-initial elementor-absolute elementor-widget elementor-widget-text-editor\" data-id=\"b376c9a\" data-element_type=\"widget\" data-settings=\"{&quot;_position&quot;:&quot;absolute&quot;}\" data-widget_type=\"text-editor.default\">\n\t\t\t\t<div class=\"elementor-widget-container\">\n\t\t\t\t\t\t\t\t\t<p style=\"text-indent: .5in;\">esu Ram\u016bnas Ka\u010derauskas. Daugiau kaip 20 met\u0173 buvau ir esu rengini\u0173 ved\u0117jas bei muzikos atlik\u0117jas. Kai prie\u0161 5 metus \u012f mano duris &#8220;pasibeld\u0117&#8221; fotografija, supratau, kad ankstesnioji rengini\u0173 ved\u0117jo patirtis padeda man labai greitai su klientais sukurti jauk\u0173 ry\u0161\u012f, kuris ypatingai reikalingas b\u016bnant prie\u0161ais foto objektyv\u0105. Fotografijoje kaip ir gyvenime visada norisi jud\u0117ti \u012f priek\u012f ir leisti k\u016brybai augti, tod\u0117l visada stengiuosi \u012f\u017evelgti kiekvieno \u017emogaus individualum\u0105 ir perteikti tai savo fotografijose.<\/p><p style=\"text-indent: .5in;\">Jeigu savo gyvenimo akimirk\u0173 \u012fam\u017einimui ie\u0161kote BENDRAUJAN\u010cIO ir MYLIN\u010cIO savo veikl\u0105 fotografo, susisiekite <span style=\"font-family: Wingdings; mso-ascii-font-family: 'Times New Roman'; mso-hansi-font-family: 'Times New Roman'; mso-char-type: symbol; mso-symbol-font-family: Wingdings;\"><span style=\"mso-char-type: symbol; mso-symbol-font-family: Wingdings;\">\ud83d\ude42<\/span><\/span><\/p>\t\t\t\t\t\t\t\t<\/div>\n\t\t\t\t<\/div>\n\t\t\t\t<div class=\"elementor-element elementor-element-7006807 elementor-widget__width-initial elementor-invisible elementor-widget elementor-widget-heading\" data-id=\"7006807\" data-element_type=\"widget\" data-settings=\"{&quot;_animation&quot;:&quot;fadeInRight&quot;,&quot;_animation_delay&quot;:200}\" data-widget_type=\"heading.default\">\n\t\t\t\t<div class=\"elementor-widget-container\">\n\t\t\t\t\t<h1 class=\"elementor-heading-title elementor-size-default\">Apie mane:<\/h1>\t\t\t\t<\/div>\n\t\t\t\t<\/div>\n\t\t\t\t<div class=\"elementor-element elementor-element-f5a38a5 elementor-widget elementor-widget-spacer\" data-id=\"f5a38a5\" data-element_type=\"widget\" data-widget_type=\"spacer.default\">\n\t\t\t\t<div class=\"elementor-widget-container\">\n\t\t\t\t\t\t\t<div class=\"elementor-spacer\">\n\t\t\t<div class=\"elementor-spacer-inner\"><\/div>\n\t\t<\/div>\n\t\t\t\t\t\t<\/div>\n\t\t\t\t<\/div>\n\t\t\t\t\t<\/div>\n\t\t<\/div>\n\t\t\t\t\t<\/div>\n\t\t<\/section>\n\t\t\t\t\t<\/div>\n\t\t<\/div>\n\t\t\t\t\t<\/div>\n\t\t<\/section>\n\t\t\t\t<\/div>\n\t\t","protected":false},"excerpt":{"rendered":"<p>esu Ram\u016bnas Ka\u010derauskas. Daugiau kaip 20 met\u0173 buvau ir esu rengini\u0173 ved\u0117jas bei muzikos atlik\u0117jas. Kai prie\u0161 5 metus \u012f mano duris &#8220;pasibeld\u0117&#8221; fotografija, supratau, kad ankstesnioji rengini\u0173 ved\u0117jo patirtis padeda man labai greitai su klientais sukurti jauk\u0173 ry\u0161\u012f, kuris ypatingai reikalingas b\u016bnant prie\u0161ais foto objektyv\u0105. Fotografijoje kaip ir gyvenime visada norisi jud\u0117ti \u012f priek\u012f &hellip;<\/p>\n<p class=\"read-more\"> <a class=\"\" href=\"https:\/\/rkadras.lt\/index.php\/about-me\/home\/\"> <span class=\"screen-reader-text\">Home<\/span> Read More &raquo;<\/a><\/p>\n","protected":false},"author":1,"featured_media":0,"parent":360,"menu_order":0,"comment_status":"closed","ping_status":"closed","template":"","meta":{"_uag_custom_page_level_css":"","two_page_speed":[],"footnotes":""},"class_list":["post-359","page","type-page","status-publish","hentry"],"_hostinger_reach_plugin_has_subscription_block":false,"_hostinger_reach_plugin_is_elementor":false,"uagb_featured_image_src":{"full":false,"thumbnail":false,"medium":false,"medium_large":false,"large":false,"1536x1536":false,"2048x2048":false,"tenweb_optimizer_mobile":false,"tenweb_optimizer_tablet":false,"woocommerce_thumbnail":false,"woocommerce_single":false,"woocommerce_gallery_thumbnail":false,"shop_catalog":false,"shop_single":false,"shop_thumbnail":false},"uagb_author_info":{"display_name":"ramunas.music","author_link":"https:\/\/rkadras.lt\/index.php\/author\/ramunas-music\/"},"uagb_comment_info":0,"uagb_excerpt":"esu Ram\u016bnas Ka\u010derauskas. Daugiau kaip 20 met\u0173 buvau ir esu rengini\u0173 ved\u0117jas bei muzikos atlik\u0117jas. Kai prie\u0161 5 metus \u012f mano duris &#8220;pasibeld\u0117&#8221; fotografija, supratau, kad ankstesnioji rengini\u0173 ved\u0117jo patirtis padeda man labai greitai su klientais sukurti jauk\u0173 ry\u0161\u012f, kuris ypatingai reikalingas b\u016bnant prie\u0161ais foto objektyv\u0105. Fotografijoje kaip ir gyvenime visada norisi jud\u0117ti \u012f priek\u012f&hellip;","_links":{"self":[{"href":"https:\/\/rkadras.lt\/index.php\/wp-json\/wp\/v2\/pages\/359","targetHints":{"allow":["GET"]}}],"collection":[{"href":"https:\/\/rkadras.lt\/index.php\/wp-json\/wp\/v2\/pages"}],"about":[{"href":"https:\/\/rkadras.lt\/index.php\/wp-json\/wp\/v2\/types\/page"}],"author":[{"embeddable":true,"href":"https:\/\/rkadras.lt\/index.php\/wp-json\/wp\/v2\/users\/1"}],"replies":[{"embeddable":true,"href":"https:\/\/rkadras.lt\/index.php\/wp-json\/wp\/v2\/comments?post=359"}],"version-history":[{"count":29,"href":"https:\/\/rkadras.lt\/index.php\/wp-json\/wp\/v2\/pages\/359\/revisions"}],"predecessor-version":[{"id":1465,"href":"https:\/\/rkadras.lt\/index.php\/wp-json\/wp\/v2\/pages\/359\/revisions\/1465"}],"up":[{"embeddable":true,"href":"https:\/\/rkadras.lt\/index.php\/wp-json\/wp\/v2\/pages\/360"}],"wp:attachment":[{"href":"https:\/\/rkadras.lt\/index.php\/wp-json\/wp\/v2\/media?parent=359"}],"curies":[{"name":"wp","href":"https:\/\/api.w.org\/{rel}","templated":true}]}}